{"id":3,"date":"2022-03-18T14:35:23","date_gmt":"2022-03-18T14:35:23","guid":{"rendered":"https:\/\/bilan-fertilite.lamarck.link\/?page_id=3"},"modified":"2023-06-22T15:44:24","modified_gmt":"2023-06-22T13:44:24","slug":"politique-de-confidentialite","status":"publish","type":"page","link":"https:\/\/bilanfertilite.fr\/?page_id=3","title":{"rendered":"Politique de confidentialit\u00e9"},"content":{"rendered":"\t\t<div data-elementor-type=\"wp-page\" data-elementor-id=\"3\" class=\"elementor elementor-3\" data-elementor-post-type=\"page\">\n\t\t\t\t\t\t<section class=\"elementor-section elementor-top-section elementor-element elementor-element-26b5f4a elementor-section-boxed elementor-section-height-default elementor-section-height-default\" data-id=\"26b5f4a\" data-element_type=\"section\" data-e-type=\"section\">\n\t\t\t\t\t\t<div class=\"elementor-container elementor-column-gap-default\">\n\t\t\t\t\t<div class=\"elementor-column elementor-col-100 elementor-top-column elementor-element elementor-element-38f94117\" data-id=\"38f94117\" data-element_type=\"column\" data-e-type=\"column\">\n\t\t\t<div class=\"elementor-widget-wrap elementor-element-populated\">\n\t\t\t\t\t\t<div class=\"elementor-element elementor-element-4d3d78d elementor-widget elementor-widget-text-editor\" data-id=\"4d3d78d\" data-element_type=\"widget\" data-e-type=\"widget\" id=\"politique-donnees\" data-widget_type=\"text-editor.default\">\n\t\t\t\t<div class=\"elementor-widget-container\">\n\t\t\t\t\t\t\t\t\t\n<h3 class=\"wp-block-heading\"><b>POLITIQUE DE CONFIDENTIALIT\u00c9 ET DE PROTECTION DES DONN\u00c9ES PERSONNELLES<\/b><\/h3>\n<p><span style=\"font-weight: 400;\">La protection de vos donn\u00e9es \u00e0 caract\u00e8re personnel est essentielle pour les soci\u00e9t\u00e9s INOVIE GROUP (SAS au capital de 194\u00a0927\u00a0776,50 euros immatricul\u00e9e au RCS de Montpellier sous le num\u00e9ro 889\u00a0372 983, dont le si\u00e8ge social est sis 90 rue Nicolas Chedeville 3470 Montpellier) et INOVIE Labosud (SELAS \u00a0 au capital de 113\u00a0891\u00a0788,50 euros, immatricul\u00e9e au RCS de Montpellier sous le num\u00e9ro 329\u00a0208 771, dont le si\u00e8ge social est sis 90 rue Nicolas Chedeville 3470 Montpellier) qui sont consid\u00e9r\u00e9es comme responsables du traitement de vos donn\u00e9es \u00e0 caract\u00e8re personnel (ci-apr\u00e8s d\u00e9nomm\u00e9es \u00ab\u00a0INOVIE\u00a0\u00bb ou \u00ab\u00a0nous\u00a0\u00bb).<\/span><\/p>\n<p><span style=\"font-weight: 400;\">La pr\u00e9sente politique de confidentialit\u00e9 et de protection des donn\u00e9es personnelles (ci-apr\u00e8s la \u00ab Politique \u00bb) a pour objectif de vous informer sur la mani\u00e8re nous traitons et prot\u00e9geons vos donn\u00e9es \u00e0 caract\u00e8re personnel recueillies par l\u2019interm\u00e9diaire du site internet <\/span><a href=\"http:\/\/www.bilanfertilite.fr\/\"><span style=\"font-weight: 400;\">http:\/\/www.bilanfertilite.fr\/<\/span><\/a><span style=\"font-weight: 400;\"> (ci-apr\u00e8s le \u00ab\u00a0Site\u00a0\u00bb).<\/span><\/p>\n<p><span style=\"font-weight: 400;\">Dans le cadre de votre demande d\u2019informations sur la r\u00e9alisation d\u2019un bilan de fertilit\u00e9, nous traitons les donn\u00e9es personnelles vous concernant recueillies par l\u2019interm\u00e9diaire du formulaire de demande de prise de rendez-vous que vous renseignez directement sur le Site.<\/span><\/p>\n<p><span style=\"font-weight: 400;\">Ainsi, nous sommes amen\u00e9s \u00e0 collecter notamment votre nom de famille et votre adresse \u00e9lectronique pour vous contacter ainsi toute information que vous nous fournirez volontairement et qui serait pertinente au traitement de votre demande. Le caract\u00e8re obligatoire ou facultatif des informations que vous devez renseigner est signal\u00e9 au moment de la collecte. En cas d\u2019obligation, tout d\u00e9faut de r\u00e9ponse ou toute r\u00e9ponse jug\u00e9e incompl\u00e8te est susceptible d&rsquo;impacter la prise en compte de votre demande.\u00a0<\/span><\/p>\n<p><span style=\"font-weight: 400;\">Ce traitement est mis en \u0153uvre aux seules fins de la gestion de votre demande de prise de rendez-vous et aux fins de vous proposer une prise en charge personnalis\u00e9e de services d\u2019aide m\u00e9dicale \u00e0 la procr\u00e9ation et repose sur l\u2019int\u00e9r\u00eat l\u00e9gitime du laboratoire.<\/span><\/p>\n<p><span style=\"font-weight: 400;\">Les donn\u00e9es collect\u00e9es sont transmises et partag\u00e9es avec les seuls membres de l\u2019\u00e9quipe de soin sp\u00e9cialis\u00e9s dans la fertilit\u00e9 et la prise en charge des personnes ayant un projet d\u2019enfant, constitu\u00e9e de biologistes d\u2019INOVIE et cliniciens du centre de PMA concern\u00e9.<\/span><\/p>\n<p><span style=\"font-weight: 400;\">Elles sont conserv\u00e9es pendant la dur\u00e9e n\u00e9cessaire au traitement de votre requ\u00eate en prenant notamment en compte le contexte de nos interactions.<\/span><\/p>\n<p><span style=\"font-weight: 400;\">Les donn\u00e9es \u00e0 caract\u00e8re personnel collect\u00e9es par INOVIE sont h\u00e9berg\u00e9es au sein de l\u2019Union Europ\u00e9enne et ne font l\u2019objet d\u2019aucun transfert en dehors de l\u2019Union Europ\u00e9enne.<\/span><\/p>\n<p><span style=\"font-weight: 400;\">Dans le cadre de votre visite sur le Site, certaines informations, notamment techniques (adresse IP de votre ordinateur) ou concernant la consultation du site ainsi que ses fonctionnalit\u00e9s, sont collect\u00e9es automatiquement du fait de vos actions sur notre Site par des cookies. Ce traitement est mis en \u0153uvre aux fins d\u2019analyse de la navigation du Site et repose sur l\u2019int\u00e9r\u00eat l\u00e9gitime d\u2019INOVIE. Pour plus d\u2019information, nous vous invitons \u00e0 consulter notre politique en mati\u00e8re de cookies.\u00a0\u00a0<\/span><\/p>\n<p><span style=\"font-weight: 400;\">Conform\u00e9ment \u00e0 la r\u00e8glementation en vigueur sur la protection des donn\u00e9es personnelles, vous pouvez acc\u00e9der aux donn\u00e9es vous concernant, les rectifier, demander leur effacement ou exercer votre droit \u00e0 la limitation du traitement de vos donn\u00e9es. Vous pouvez \u00e9galement vous opposer au traitement de vos donn\u00e9es et exercer votre droit \u00e0 la portabilit\u00e9 de vos donn\u00e9es.<\/span><\/p>\n<p><span style=\"font-weight: 400;\">Pour exercer ces droits ou pour toute question sur la Politique ou le traitement de vos donn\u00e9es, vous pouvez contacter notre d\u00e9l\u00e9gu\u00e9 \u00e0 la protection des donn\u00e9es la soci\u00e9t\u00e9 d\u2019avocats MBA &amp; Associ\u00e9s, par courrier postal \u00e0 l\u2019adresse suivante : DPO INOVIE, Soci\u00e9t\u00e9 d\u2019avocats MBA &amp; Associ\u00e9s, 235 rue H\u00e9l\u00e8ne Boucher, 34173 Castelnau-le-Lez, ou par courriel \u00e0 l\u2019adresse suivante\u00a0: <\/span><a href=\"mailto:contactdpo@inovie.fr\"><span style=\"font-weight: 400;\">contactdpo@inovie.fr<\/span><\/a><span style=\"font-weight: 400;\">.<\/span><\/p>\n<p><span style=\"font-weight: 400;\">Si vous estimez, apr\u00e8s nous avoir contact\u00e9s, que vos droits \u00ab Informatique et Libert\u00e9s \u00bb ne sont pas respect\u00e9s, vous pouvez adresser une r\u00e9clamation \u00e0 la Commission Nationale Informatique et Libert\u00e9 (CNIL).<\/span><\/p>\n\t\t\t\t\t\t\t\t<\/div>\n\t\t\t\t<\/div>\n\t\t\t\t<div class=\"elementor-element elementor-element-bd9a57c elementor-widget elementor-widget-button\" data-id=\"bd9a57c\" data-element_type=\"widget\" data-e-type=\"widget\" data-widget_type=\"button.default\">\n\t\t\t\t<div class=\"elementor-widget-container\">\n\t\t\t\t\t\t\t\t\t<div class=\"elementor-button-wrapper\">\n\t\t\t\t\t<a class=\"elementor-button elementor-button-link elementor-size-sm\" href=\"https:\/\/bilanfertilite.fr\/\">\n\t\t\t\t\t\t<span class=\"elementor-button-content-wrapper\">\n\t\t\t\t\t\t<span class=\"elementor-button-icon\">\n\t\t\t\t<i aria-hidden=\"true\" class=\"fas fa-arrow-left\"><\/i>\t\t\t<\/span>\n\t\t\t\t\t\t\t\t\t<span class=\"elementor-button-text\">Revenir \u00e0 la page d'accueil<\/span>\n\t\t\t\t\t<\/span>\n\t\t\t\t\t<\/a>\n\t\t\t\t<\/div>\n\t\t\t\t\t\t\t\t<\/div>\n\t\t\t\t<\/div>\n\t\t\t\t\t<\/div>\n\t\t<\/div>\n\t\t\t\t\t<\/div>\n\t\t<\/section>\n\t\t\t\t<\/div>\n\t\t","protected":false},"excerpt":{"rendered":"<p>POLITIQUE DE CONFIDENTIALIT\u00c9 ET DE PROTECTION DES DONN\u00c9ES PERSONNELLES La protection de vos donn\u00e9es \u00e0 caract\u00e8re personnel est essentielle pour les soci\u00e9t\u00e9s INOVIE GROUP (SAS au capital de 194\u00a0927\u00a0776,50 euros immatricul\u00e9e au RCS de Montpellier sous le num\u00e9ro 889\u00a0372 983, dont le si\u00e8ge social est sis 90 rue Nicolas Chedeville 3470 Montpellier) et INOVIE Labosud [&hellip;]<\/p>\n","protected":false},"author":1,"featured_media":0,"parent":0,"menu_order":0,"comment_status":"closed","ping_status":"closed","template":"elementor_canvas","meta":{"footnotes":""},"class_list":["post-3","page","type-page","status-publish","hentry"],"yoast_head":"<!-- This site is optimized with the Yoast SEO plugin v27.5 - https:\/\/yoast.com\/product\/yoast-seo-wordpress\/ -->\n<title>Politique de confidentialit\u00e9 - Bilan Fertilit\u00e9 - Evaluez vos chances de concevoir avec un bilan fertilit\u00e9<\/title>\n<meta name=\"robots\" content=\"index, follow, max-snippet:-1, max-image-preview:large, max-video-preview:-1\" \/>\n<link rel=\"canonical\" href=\"https:\/\/bilanfertilite.fr\/?page_id=3\" \/>\n<meta property=\"og:locale\" content=\"fr_FR\" \/>\n<meta property=\"og:type\" content=\"article\" \/>\n<meta property=\"og:title\" content=\"Politique de confidentialit\u00e9 - Bilan Fertilit\u00e9 - Evaluez vos chances de concevoir avec un bilan fertilit\u00e9\" \/>\n<meta property=\"og:description\" content=\"POLITIQUE DE CONFIDENTIALIT\u00c9 ET DE PROTECTION DES DONN\u00c9ES PERSONNELLES La protection de vos donn\u00e9es \u00e0 caract\u00e8re personnel est essentielle pour les soci\u00e9t\u00e9s INOVIE GROUP (SAS au capital de 194\u00a0927\u00a0776,50 euros immatricul\u00e9e au RCS de Montpellier sous le num\u00e9ro 889\u00a0372 983, dont le si\u00e8ge social est sis 90 rue Nicolas Chedeville 3470 Montpellier) et INOVIE Labosud [&hellip;]\" \/>\n<meta property=\"og:url\" content=\"https:\/\/bilanfertilite.fr\/?page_id=3\" \/>\n<meta property=\"og:site_name\" content=\"Bilan Fertilit\u00e9 - Evaluez vos chances de concevoir avec un bilan fertilit\u00e9\" \/>\n<meta property=\"article:modified_time\" content=\"2023-06-22T13:44:24+00:00\" \/>\n<meta name=\"twitter:card\" content=\"summary_large_image\" \/>\n<meta name=\"twitter:label1\" content=\"Dur\u00e9e de lecture estim\u00e9e\" \/>\n\t<meta name=\"twitter:data1\" content=\"4 minutes\" \/>\n<script type=\"application\/ld+json\" class=\"yoast-schema-graph\">{\"@context\":\"https:\\\/\\\/schema.org\",\"@graph\":[{\"@type\":\"WebPage\",\"@id\":\"https:\\\/\\\/bilanfertilite.fr\\\/?page_id=3\",\"url\":\"https:\\\/\\\/bilanfertilite.fr\\\/?page_id=3\",\"name\":\"Politique de confidentialit\u00e9 - Bilan Fertilit\u00e9 - Evaluez vos chances de concevoir avec un bilan fertilit\u00e9\",\"isPartOf\":{\"@id\":\"https:\\\/\\\/bilanfertilite.fr\\\/#website\"},\"datePublished\":\"2022-03-18T14:35:23+00:00\",\"dateModified\":\"2023-06-22T13:44:24+00:00\",\"breadcrumb\":{\"@id\":\"https:\\\/\\\/bilanfertilite.fr\\\/?page_id=3#breadcrumb\"},\"inLanguage\":\"fr-FR\",\"potentialAction\":[{\"@type\":\"ReadAction\",\"target\":[\"https:\\\/\\\/bilanfertilite.fr\\\/?page_id=3\"]}]},{\"@type\":\"BreadcrumbList\",\"@id\":\"https:\\\/\\\/bilanfertilite.fr\\\/?page_id=3#breadcrumb\",\"itemListElement\":[{\"@type\":\"ListItem\",\"position\":1,\"name\":\"Home\",\"item\":\"https:\\\/\\\/bilanfertilite.fr\\\/\"},{\"@type\":\"ListItem\",\"position\":2,\"name\":\"Politique de confidentialit\u00e9\"}]},{\"@type\":\"WebSite\",\"@id\":\"https:\\\/\\\/bilanfertilite.fr\\\/#website\",\"url\":\"https:\\\/\\\/bilanfertilite.fr\\\/\",\"name\":\"Bilan Fertilit\u00e9 - Evaluez vos chances de concevoir avec un bilan fertilit\u00e9\",\"description\":\"\",\"potentialAction\":[{\"@type\":\"SearchAction\",\"target\":{\"@type\":\"EntryPoint\",\"urlTemplate\":\"https:\\\/\\\/bilanfertilite.fr\\\/?s={search_term_string}\"},\"query-input\":{\"@type\":\"PropertyValueSpecification\",\"valueRequired\":true,\"valueName\":\"search_term_string\"}}],\"inLanguage\":\"fr-FR\"}]}<\/script>\n<!-- \/ Yoast SEO plugin. -->","yoast_head_json":{"title":"Politique de confidentialit\u00e9 - Bilan Fertilit\u00e9 - Evaluez vos chances de concevoir avec un bilan fertilit\u00e9","robots":{"index":"index","follow":"follow","max-snippet":"max-snippet:-1","max-image-preview":"max-image-preview:large","max-video-preview":"max-video-preview:-1"},"canonical":"https:\/\/bilanfertilite.fr\/?page_id=3","og_locale":"fr_FR","og_type":"article","og_title":"Politique de confidentialit\u00e9 - Bilan Fertilit\u00e9 - Evaluez vos chances de concevoir avec un bilan fertilit\u00e9","og_description":"POLITIQUE DE CONFIDENTIALIT\u00c9 ET DE PROTECTION DES DONN\u00c9ES PERSONNELLES La protection de vos donn\u00e9es \u00e0 caract\u00e8re personnel est essentielle pour les soci\u00e9t\u00e9s INOVIE GROUP (SAS au capital de 194\u00a0927\u00a0776,50 euros immatricul\u00e9e au RCS de Montpellier sous le num\u00e9ro 889\u00a0372 983, dont le si\u00e8ge social est sis 90 rue Nicolas Chedeville 3470 Montpellier) et INOVIE Labosud [&hellip;]","og_url":"https:\/\/bilanfertilite.fr\/?page_id=3","og_site_name":"Bilan Fertilit\u00e9 - Evaluez vos chances de concevoir avec un bilan fertilit\u00e9","article_modified_time":"2023-06-22T13:44:24+00:00","twitter_card":"summary_large_image","twitter_misc":{"Dur\u00e9e de lecture estim\u00e9e":"4 minutes"},"schema":{"@context":"https:\/\/schema.org","@graph":[{"@type":"WebPage","@id":"https:\/\/bilanfertilite.fr\/?page_id=3","url":"https:\/\/bilanfertilite.fr\/?page_id=3","name":"Politique de confidentialit\u00e9 - Bilan Fertilit\u00e9 - Evaluez vos chances de concevoir avec un bilan fertilit\u00e9","isPartOf":{"@id":"https:\/\/bilanfertilite.fr\/#website"},"datePublished":"2022-03-18T14:35:23+00:00","dateModified":"2023-06-22T13:44:24+00:00","breadcrumb":{"@id":"https:\/\/bilanfertilite.fr\/?page_id=3#breadcrumb"},"inLanguage":"fr-FR","potentialAction":[{"@type":"ReadAction","target":["https:\/\/bilanfertilite.fr\/?page_id=3"]}]},{"@type":"BreadcrumbList","@id":"https:\/\/bilanfertilite.fr\/?page_id=3#breadcrumb","itemListElement":[{"@type":"ListItem","position":1,"name":"Home","item":"https:\/\/bilanfertilite.fr\/"},{"@type":"ListItem","position":2,"name":"Politique de confidentialit\u00e9"}]},{"@type":"WebSite","@id":"https:\/\/bilanfertilite.fr\/#website","url":"https:\/\/bilanfertilite.fr\/","name":"Bilan Fertilit\u00e9 - Evaluez vos chances de concevoir avec un bilan fertilit\u00e9","description":"","potentialAction":[{"@type":"SearchAction","target":{"@type":"EntryPoint","urlTemplate":"https:\/\/bilanfertilite.fr\/?s={search_term_string}"},"query-input":{"@type":"PropertyValueSpecification","valueRequired":true,"valueName":"search_term_string"}}],"inLanguage":"fr-FR"}]}},"_links":{"self":[{"href":"https:\/\/bilanfertilite.fr\/index.php?rest_route=\/wp\/v2\/pages\/3","targetHints":{"allow":["GET"]}}],"collection":[{"href":"https:\/\/bilanfertilite.fr\/index.php?rest_route=\/wp\/v2\/pages"}],"about":[{"href":"https:\/\/bilanfertilite.fr\/index.php?rest_route=\/wp\/v2\/types\/page"}],"author":[{"embeddable":true,"href":"https:\/\/bilanfertilite.fr\/index.php?rest_route=\/wp\/v2\/users\/1"}],"replies":[{"embeddable":true,"href":"https:\/\/bilanfertilite.fr\/index.php?rest_route=%2Fwp%2Fv2%2Fcomments&post=3"}],"version-history":[{"count":32,"href":"https:\/\/bilanfertilite.fr\/index.php?rest_route=\/wp\/v2\/pages\/3\/revisions"}],"predecessor-version":[{"id":1103,"href":"https:\/\/bilanfertilite.fr\/index.php?rest_route=\/wp\/v2\/pages\/3\/revisions\/1103"}],"wp:attachment":[{"href":"https:\/\/bilanfertilite.fr\/index.php?rest_route=%2Fwp%2Fv2%2Fmedia&parent=3"}],"curies":[{"name":"wp","href":"https:\/\/api.w.org\/{rel}","templated":true}]}}