{"id":54,"date":"2022-03-21T13:57:45","date_gmt":"2022-03-21T12:57:45","guid":{"rendered":"https:\/\/bilan-fertilite.lamarck.link\/?page_id=54"},"modified":"2023-10-06T15:28:39","modified_gmt":"2023-10-06T13:28:39","slug":"mentions-legales","status":"publish","type":"page","link":"https:\/\/bilanfertilite.fr\/?page_id=54","title":{"rendered":"Mentions l\u00e9gales"},"content":{"rendered":"\t\t<div data-elementor-type=\"wp-page\" data-elementor-id=\"54\" class=\"elementor elementor-54\" data-elementor-post-type=\"page\">\n\t\t\t\t\t\t<section class=\"elementor-section elementor-top-section elementor-element elementor-element-7f93f486 elementor-section-boxed elementor-section-height-default elementor-section-height-default\" data-id=\"7f93f486\" data-element_type=\"section\" data-e-type=\"section\">\n\t\t\t\t\t\t<div class=\"elementor-container elementor-column-gap-wider\">\n\t\t\t\t\t<div class=\"elementor-column elementor-col-100 elementor-top-column elementor-element elementor-element-511e0892\" data-id=\"511e0892\" data-element_type=\"column\" data-e-type=\"column\">\n\t\t\t<div class=\"elementor-widget-wrap elementor-element-populated\">\n\t\t\t\t\t\t<div class=\"elementor-element elementor-element-2b277517 elementor-widget elementor-widget-text-editor\" data-id=\"2b277517\" data-element_type=\"widget\" data-e-type=\"widget\" data-widget_type=\"text-editor.default\">\n\t\t\t\t<div class=\"elementor-widget-container\">\n\t\t\t\t\t\t\t\t\t<p><b>MENTIONS L\u00c9GALES<\/b><\/p><p><b>\u00c9diteur du site :<\/b><\/p><p><span style=\"font-weight: 400;\">INOVIE GROUP, soci\u00e9t\u00e9 par actions simplifi\u00e9e, au capital de 194\u00a0927\u00a0776,50 euros<br \/><\/span><span style=\"font-weight: 400;\">90 rue Nicolas Chedeville 34070 Montpellier\u00a0<br \/><\/span><span style=\"font-weight: 400;\">RCS Montpellier 889\u00a0372\u00a0983<br \/><\/span><span style=\"font-weight: 400;\">T\u00e9l\u00e9phone : 04 67 20 79 00<br \/><\/span><span style=\"font-weight: 400;\">Directeur de la publication\u00a0: Georges RUIZ<\/span><\/p><p><b>H\u00e9bergeur du site<\/b><\/p><p><span style=\"font-weight: 400;\">OVH<br \/><\/span><span style=\"font-weight: 400;\">2 rue Kellermann 59100 Roubaix \u2013 France\u00a0<br \/><\/span><span style=\"font-weight: 400;\">T\u00e9l\u00e9phone : 1007<\/span><\/p><p><b>Contenu du site Bilan Fertilit\u00e9<\/b><\/p><p><span style=\"font-weight: 400;\">L&rsquo;ensemble des \u00e9l\u00e9ments constitutifs du site <\/span><a href=\"http:\/\/www.bilanfertilite.fr\/\"><span style=\"font-weight: 400;\">http:\/\/www.bilanfertilite.fr\/<\/span><\/a><span style=\"font-weight: 400;\"> en ce compris notamment sa structure, son contenu (textes, illustrations, images, chartes graphiques, photos, etc.) et ses signes distinctifs (marques, logos, d\u00e9nominations sociales, noms commerciaux, nom de domaine, etc.) est la propri\u00e9t\u00e9 exclusive de la SAS INOVIE GROUP <\/span><span style=\"font-weight: 400;\">[ou de ses partenaires]<\/span><span style=\"font-weight: 400;\"> et prot\u00e9g\u00e9 par le droit de la propri\u00e9t\u00e9 intellectuelle.<\/span><\/p><p><span style=\"font-weight: 400;\">Toute reproduction ou repr\u00e9sentation int\u00e9grale ou partielle, et\/ou modification, traduction, adaptation ou extraction du site, par quelque moyen et proc\u00e9d\u00e9 que ce soit, de tout ou partie des \u00e9l\u00e9ments du site sans l\u2019accord expr\u00e8s et pr\u00e9alable de la SAS INOVIE GROUP est interdite.\u00a0<\/span><\/p><p><b>Protection des donn\u00e9es \u00e0 caract\u00e8re personnel<\/b><\/p><p><span style=\"font-weight: 400;\">La protection de vos donn\u00e9es \u00e0 caract\u00e8re personnel est essentielle pour INOVIE GROUP.<\/span><\/p><p><span style=\"font-weight: 400;\">Dans le cadre de votre visite sur notre site, INOVIE GROUP va proc\u00e9der au traitement des informations et donn\u00e9es \u00e0 caract\u00e8re personnel que vous aurez bien voulu fournir via le site. Nous vous invitons \u00e0 consulter notre Politique de confidentialit\u00e9 et de protection des donn\u00e9es accessible ici qui encadre les modalit\u00e9s de traitement de vos donn\u00e9es dans le respect du r\u00e8glement europ\u00e9en 2016\/679 du 27 avril 2016 (dit \u00ab R\u00e8glement G\u00e9n\u00e9ral sur la Protection des Donn\u00e9es \u00bb) et de la loi fran\u00e7aise n\u00b078-17 du 6 janvier 1978 modifi\u00e9e relative \u00e0 l\u2019informatique, aux fichiers et aux libert\u00e9s (dite \u00ab\u00a0Loi Informatique et Libert\u00e9s\u00a0\u00bb).<\/span><\/p><p><b>Utilisation et mise \u00e0 disposition du site<\/b><\/p><p><span style=\"font-weight: 400;\">Le site \u00e0 est votre disposition pour votre utilisation personnelle, laquelle est soumise aux pr\u00e9sentes conditions d\u2019utilisation.\u00a0<\/span><\/p><p><span style=\"font-weight: 400;\">INOVIE GROUP s\u2019engage \u00e0 faire tout son possible afin que le Site soit accessible 24h\/24 et 7j\/7.<\/span><\/p><p><span style=\"font-weight: 400;\">Toutefois, la disponibilit\u00e9 et le bon fonctionnement du site de mani\u00e8re continue et permanente (de mani\u00e8re compl\u00e8te ou exacte ou exempte d\u2019anomalies, de virus ou de bugs) ne peuvent \u00eatre garantis. INOVIE GROUP se r\u00e9serve le droit d\u2019interrompre ou suspendre l\u2019acc\u00e8s au site, pour des besoins de maintenance par exemple, ou de corriger, modifier ou supprimer le contenu du site, \u00e0 tout moment, sans engager sa responsabilit\u00e9 de quelque mani\u00e8re que ce soit.<\/span><\/p><p><span style=\"font-weight: 400;\">INOVIE GROUP ne peut \u00eatre tenu responsable de tout dommage r\u00e9sultant de l\u2019utilisation du site, du r\u00e9seau Internet et des syst\u00e8mes informatiques.<\/span><\/p><p><span style=\"font-weight: 400;\">Le site peut contenir des liens hypertextes vers des sites internet exploit\u00e9s ou appartenant \u00e0 des tiers. INOVIE GROUP ne peut en aucun cas \u00eatre tenu pour responsable du contenu, des services et du fonctionnement de ces sites et des cons\u00e9quences pouvant en r\u00e9sulter pour vous.\u00a0<\/span><\/p><p><b>Droit applicable et juridiction comp\u00e9tente<\/b><\/p><p><span style=\"font-weight: 400;\">Le site et les conditions de son utilisation sont r\u00e9gis par la loi fran\u00e7aise. En cas de litige \u00e0 leur sujet, les tribunaux de <\/span><span style=\"font-weight: 400;\">[Montpellier]<\/span><span style=\"font-weight: 400;\"> seront comp\u00e9tents.<\/span><\/p><p><b>Cr\u00e9dits<\/b><\/p><p><span style=\"font-weight: 400;\"><a href=\"https:\/\/site-web-medecins.fr\/\">DOCTOWEB<\/a> x <a href=\"https:\/\/lamarck.fr\/\">LAMARCK<\/a><\/span><\/p>\t\t\t\t\t\t\t\t<\/div>\n\t\t\t\t<\/div>\n\t\t\t\t<div class=\"elementor-element elementor-element-1880209 elementor-widget elementor-widget-text-editor\" data-id=\"1880209\" data-element_type=\"widget\" data-e-type=\"widget\" data-widget_type=\"text-editor.default\">\n\t\t\t\t<div class=\"elementor-widget-container\">\n\t\t\t\t\t\t\t\t\t<span class=\"disclaimer\">Ce site est prot\u00e9g\u00e9 par Google Recaptcha et la <a rel=\"noopener, noreferrer\" target=\"_blank\" href=\"https:\/\/policies.google.com\/privacy\">Politique de Confidentialit\u00e9 Google<\/a> et <a rel=\"noopener, noreferrer\" target=\"_blank\" href=\"https:\/\/policies.google.com\/terms\">les Conditions d&rsquo;Utilisation Google<\/a> s&rsquo;appliquent.<\/span>\t\t\t\t\t\t\t\t<\/div>\n\t\t\t\t<\/div>\n\t\t\t\t<div class=\"elementor-element elementor-element-e38facf elementor-widget elementor-widget-button\" data-id=\"e38facf\" data-element_type=\"widget\" data-e-type=\"widget\" data-widget_type=\"button.default\">\n\t\t\t\t<div class=\"elementor-widget-container\">\n\t\t\t\t\t\t\t\t\t<div class=\"elementor-button-wrapper\">\n\t\t\t\t\t<a class=\"elementor-button elementor-button-link elementor-size-sm\" href=\"https:\/\/bilanfertilite.fr\">\n\t\t\t\t\t\t<span class=\"elementor-button-content-wrapper\">\n\t\t\t\t\t\t<span class=\"elementor-button-icon\">\n\t\t\t\t<i aria-hidden=\"true\" class=\"fas fa-arrow-left\"><\/i>\t\t\t<\/span>\n\t\t\t\t\t\t\t\t\t<span class=\"elementor-button-text\">Revenir \u00e0 la page d'accueil<\/span>\n\t\t\t\t\t<\/span>\n\t\t\t\t\t<\/a>\n\t\t\t\t<\/div>\n\t\t\t\t\t\t\t\t<\/div>\n\t\t\t\t<\/div>\n\t\t\t\t\t<\/div>\n\t\t<\/div>\n\t\t\t\t\t<\/div>\n\t\t<\/section>\n\t\t\t\t<\/div>\n\t\t","protected":false},"excerpt":{"rendered":"<p>MENTIONS L\u00c9GALES \u00c9diteur du site : INOVIE GROUP, soci\u00e9t\u00e9 par actions simplifi\u00e9e, au capital de 194\u00a0927\u00a0776,50 euros90 rue Nicolas Chedeville 34070 Montpellier\u00a0RCS Montpellier 889\u00a0372\u00a0983T\u00e9l\u00e9phone : 04 67 20 79 00Directeur de la publication\u00a0: Georges RUIZ H\u00e9bergeur du site OVH2 rue Kellermann 59100 Roubaix \u2013 France\u00a0T\u00e9l\u00e9phone : 1007 Contenu du site Bilan Fertilit\u00e9 L&rsquo;ensemble des \u00e9l\u00e9ments [&hellip;]<\/p>\n","protected":false},"author":1,"featured_media":0,"parent":0,"menu_order":0,"comment_status":"closed","ping_status":"closed","template":"","meta":{"footnotes":""},"class_list":["post-54","page","type-page","status-publish","hentry"],"yoast_head":"<!-- This site is optimized with the Yoast SEO plugin v27.6 - https:\/\/yoast.com\/product\/yoast-seo-wordpress\/ -->\n<title>Mentions l\u00e9gales - Bilan Fertilit\u00e9 - Evaluez vos chances de concevoir avec un bilan fertilit\u00e9<\/title>\n<meta name=\"robots\" content=\"index, follow, max-snippet:-1, max-image-preview:large, max-video-preview:-1\" \/>\n<link rel=\"canonical\" href=\"https:\/\/bilanfertilite.fr\/?page_id=54\" \/>\n<meta property=\"og:locale\" content=\"fr_FR\" \/>\n<meta property=\"og:type\" content=\"article\" \/>\n<meta property=\"og:title\" content=\"Mentions l\u00e9gales - Bilan Fertilit\u00e9 - Evaluez vos chances de concevoir avec un bilan fertilit\u00e9\" \/>\n<meta property=\"og:description\" content=\"MENTIONS L\u00c9GALES \u00c9diteur du site : INOVIE GROUP, soci\u00e9t\u00e9 par actions simplifi\u00e9e, au capital de 194\u00a0927\u00a0776,50 euros90 rue Nicolas Chedeville 34070 Montpellier\u00a0RCS Montpellier 889\u00a0372\u00a0983T\u00e9l\u00e9phone : 04 67 20 79 00Directeur de la publication\u00a0: Georges RUIZ H\u00e9bergeur du site OVH2 rue Kellermann 59100 Roubaix \u2013 France\u00a0T\u00e9l\u00e9phone : 1007 Contenu du site Bilan Fertilit\u00e9 L&rsquo;ensemble des \u00e9l\u00e9ments [&hellip;]\" \/>\n<meta property=\"og:url\" content=\"https:\/\/bilanfertilite.fr\/?page_id=54\" \/>\n<meta property=\"og:site_name\" content=\"Bilan Fertilit\u00e9 - Evaluez vos chances de concevoir avec un bilan fertilit\u00e9\" \/>\n<meta property=\"article:modified_time\" content=\"2023-10-06T13:28:39+00:00\" \/>\n<meta name=\"twitter:card\" content=\"summary_large_image\" \/>\n<meta name=\"twitter:label1\" content=\"Dur\u00e9e de lecture estim\u00e9e\" \/>\n\t<meta name=\"twitter:data1\" content=\"3 minutes\" \/>\n<script type=\"application\/ld+json\" class=\"yoast-schema-graph\">{\"@context\":\"https:\\\/\\\/schema.org\",\"@graph\":[{\"@type\":\"WebPage\",\"@id\":\"https:\\\/\\\/bilanfertilite.fr\\\/?page_id=54\",\"url\":\"https:\\\/\\\/bilanfertilite.fr\\\/?page_id=54\",\"name\":\"Mentions l\u00e9gales - Bilan Fertilit\u00e9 - Evaluez vos chances de concevoir avec un bilan fertilit\u00e9\",\"isPartOf\":{\"@id\":\"https:\\\/\\\/bilanfertilite.fr\\\/#website\"},\"datePublished\":\"2022-03-21T12:57:45+00:00\",\"dateModified\":\"2023-10-06T13:28:39+00:00\",\"breadcrumb\":{\"@id\":\"https:\\\/\\\/bilanfertilite.fr\\\/?page_id=54#breadcrumb\"},\"inLanguage\":\"fr-FR\",\"potentialAction\":[{\"@type\":\"ReadAction\",\"target\":[\"https:\\\/\\\/bilanfertilite.fr\\\/?page_id=54\"]}]},{\"@type\":\"BreadcrumbList\",\"@id\":\"https:\\\/\\\/bilanfertilite.fr\\\/?page_id=54#breadcrumb\",\"itemListElement\":[{\"@type\":\"ListItem\",\"position\":1,\"name\":\"Home\",\"item\":\"https:\\\/\\\/bilanfertilite.fr\\\/\"},{\"@type\":\"ListItem\",\"position\":2,\"name\":\"Mentions l\u00e9gales\"}]},{\"@type\":\"WebSite\",\"@id\":\"https:\\\/\\\/bilanfertilite.fr\\\/#website\",\"url\":\"https:\\\/\\\/bilanfertilite.fr\\\/\",\"name\":\"Bilan Fertilit\u00e9 - Evaluez vos chances de concevoir avec un bilan fertilit\u00e9\",\"description\":\"\",\"potentialAction\":[{\"@type\":\"SearchAction\",\"target\":{\"@type\":\"EntryPoint\",\"urlTemplate\":\"https:\\\/\\\/bilanfertilite.fr\\\/?s={search_term_string}\"},\"query-input\":{\"@type\":\"PropertyValueSpecification\",\"valueRequired\":true,\"valueName\":\"search_term_string\"}}],\"inLanguage\":\"fr-FR\"}]}<\/script>\n<!-- \/ Yoast SEO plugin. -->","yoast_head_json":{"title":"Mentions l\u00e9gales - Bilan Fertilit\u00e9 - Evaluez vos chances de concevoir avec un bilan fertilit\u00e9","robots":{"index":"index","follow":"follow","max-snippet":"max-snippet:-1","max-image-preview":"max-image-preview:large","max-video-preview":"max-video-preview:-1"},"canonical":"https:\/\/bilanfertilite.fr\/?page_id=54","og_locale":"fr_FR","og_type":"article","og_title":"Mentions l\u00e9gales - Bilan Fertilit\u00e9 - Evaluez vos chances de concevoir avec un bilan fertilit\u00e9","og_description":"MENTIONS L\u00c9GALES \u00c9diteur du site : INOVIE GROUP, soci\u00e9t\u00e9 par actions simplifi\u00e9e, au capital de 194\u00a0927\u00a0776,50 euros90 rue Nicolas Chedeville 34070 Montpellier\u00a0RCS Montpellier 889\u00a0372\u00a0983T\u00e9l\u00e9phone : 04 67 20 79 00Directeur de la publication\u00a0: Georges RUIZ H\u00e9bergeur du site OVH2 rue Kellermann 59100 Roubaix \u2013 France\u00a0T\u00e9l\u00e9phone : 1007 Contenu du site Bilan Fertilit\u00e9 L&rsquo;ensemble des \u00e9l\u00e9ments [&hellip;]","og_url":"https:\/\/bilanfertilite.fr\/?page_id=54","og_site_name":"Bilan Fertilit\u00e9 - Evaluez vos chances de concevoir avec un bilan fertilit\u00e9","article_modified_time":"2023-10-06T13:28:39+00:00","twitter_card":"summary_large_image","twitter_misc":{"Dur\u00e9e de lecture estim\u00e9e":"3 minutes"},"schema":{"@context":"https:\/\/schema.org","@graph":[{"@type":"WebPage","@id":"https:\/\/bilanfertilite.fr\/?page_id=54","url":"https:\/\/bilanfertilite.fr\/?page_id=54","name":"Mentions l\u00e9gales - Bilan Fertilit\u00e9 - Evaluez vos chances de concevoir avec un bilan fertilit\u00e9","isPartOf":{"@id":"https:\/\/bilanfertilite.fr\/#website"},"datePublished":"2022-03-21T12:57:45+00:00","dateModified":"2023-10-06T13:28:39+00:00","breadcrumb":{"@id":"https:\/\/bilanfertilite.fr\/?page_id=54#breadcrumb"},"inLanguage":"fr-FR","potentialAction":[{"@type":"ReadAction","target":["https:\/\/bilanfertilite.fr\/?page_id=54"]}]},{"@type":"BreadcrumbList","@id":"https:\/\/bilanfertilite.fr\/?page_id=54#breadcrumb","itemListElement":[{"@type":"ListItem","position":1,"name":"Home","item":"https:\/\/bilanfertilite.fr\/"},{"@type":"ListItem","position":2,"name":"Mentions l\u00e9gales"}]},{"@type":"WebSite","@id":"https:\/\/bilanfertilite.fr\/#website","url":"https:\/\/bilanfertilite.fr\/","name":"Bilan Fertilit\u00e9 - Evaluez vos chances de concevoir avec un bilan fertilit\u00e9","description":"","potentialAction":[{"@type":"SearchAction","target":{"@type":"EntryPoint","urlTemplate":"https:\/\/bilanfertilite.fr\/?s={search_term_string}"},"query-input":{"@type":"PropertyValueSpecification","valueRequired":true,"valueName":"search_term_string"}}],"inLanguage":"fr-FR"}]}},"_links":{"self":[{"href":"https:\/\/bilanfertilite.fr\/index.php?rest_route=\/wp\/v2\/pages\/54","targetHints":{"allow":["GET"]}}],"collection":[{"href":"https:\/\/bilanfertilite.fr\/index.php?rest_route=\/wp\/v2\/pages"}],"about":[{"href":"https:\/\/bilanfertilite.fr\/index.php?rest_route=\/wp\/v2\/types\/page"}],"author":[{"embeddable":true,"href":"https:\/\/bilanfertilite.fr\/index.php?rest_route=\/wp\/v2\/users\/1"}],"replies":[{"embeddable":true,"href":"https:\/\/bilanfertilite.fr\/index.php?rest_route=%2Fwp%2Fv2%2Fcomments&post=54"}],"version-history":[{"count":57,"href":"https:\/\/bilanfertilite.fr\/index.php?rest_route=\/wp\/v2\/pages\/54\/revisions"}],"predecessor-version":[{"id":1117,"href":"https:\/\/bilanfertilite.fr\/index.php?rest_route=\/wp\/v2\/pages\/54\/revisions\/1117"}],"wp:attachment":[{"href":"https:\/\/bilanfertilite.fr\/index.php?rest_route=%2Fwp%2Fv2%2Fmedia&parent=54"}],"curies":[{"name":"wp","href":"https:\/\/api.w.org\/{rel}","templated":true}]}}